{"id":1118,"date":"2020-07-20T13:05:29","date_gmt":"2020-07-20T18:05:29","guid":{"rendered":"http:\/\/escaliersmultidesign.ca\/?page_id=1118"},"modified":"2022-06-01T08:40:33","modified_gmt":"2022-06-01T13:40:33","slug":"carriere","status":"publish","type":"page","link":"https:\/\/escaliersmultidesign.ca\/index.php\/carriere\/","title":{"rendered":"Carri\u00e8re"},"content":{"rendered":"<!--themify_builder_content-->\n<div id=\"themify_builder_content-1118\" data-postid=\"1118\" class=\"themify_builder_content themify_builder_content-1118 themify_builder tf_clear\">\n    \t\t\t\t<!-- module_row -->\n\t\t<div  data-lazy=\"1\" class=\"module_row themify_builder_row tb_2g1x865 tb_first tf_w tf_clearfix hide-mobile\">\n\t\t\t\t\t<div class=\"row_inner col_align_top tb_col_count_1 tf_box tf_rel\">\n\t\t\t\t\t<div  data-lazy=\"1\" class=\"module_column tb-column col-full tb_h848866 first\">\n\t\t\t\t\t\t\t\t\t<div class=\"tb-column-inner tf_box tf_w\">\n\t\t\t\t<!-- module text -->\n<div  class=\"module module-text tb_k0k0883  repeat  hide-mobile wow\" data-tf-animation=\"fadeInUp\" data-lazy=\"1\">\n        <div  class=\"tb_text_wrap\">\n    <h1>\u00a0<\/h1>\n<h1 style=\"text-align: left;\">CARRI\u00c8RE<\/h1>    <\/div>\n<\/div>\n<!-- \/module text -->\t\t\t\t<\/div><!-- .tb-column-inner -->\n\t\t\t\t\t\t<\/div><!-- .module_column -->\n\t\t\t\t\t\t<\/div><!-- .row_inner -->\n\t\t<\/div><!-- .module_row -->\n\t\t\t\t\t\t\t\t<!-- module_row -->\n\t\t<div  data-lazy=\"1\" class=\"module_row themify_builder_row tb_h9ux12 tf_w tf_clearfix hide-desktop hide-tablet hide-tablet_landscape\">\n\t\t\t\t\t<div class=\"row_inner col_align_top tb_col_count_1 tf_box tf_rel\">\n\t\t\t\t\t<div  data-lazy=\"1\" class=\"module_column tb-column col-full tb_7n8k12 first\">\n\t\t\t\t\t\t\t\t\t<div class=\"tb-column-inner tf_box tf_w\">\n\t\t\t\t<!-- module text -->\n<div  class=\"module module-text tb_yv2912  repeat  hide-mobile wow\" data-tf-animation=\"fadeInUp\" data-lazy=\"1\">\n        <div  class=\"tb_text_wrap\">\n    <h1>\u00a0<\/h1>\n<h1 style=\"text-align: left;\">CARRI\u00c8RE<\/h1>    <\/div>\n<\/div>\n<!-- \/module text -->\t\t\t\t<\/div><!-- .tb-column-inner -->\n\t\t\t\t\t\t<\/div><!-- .module_column -->\n\t\t\t\t\t\t<\/div><!-- .row_inner -->\n\t\t<\/div><!-- .module_row -->\n\t\t\t\t\t\t\t\t<!-- module_row -->\n\t\t<div  data-lazy=\"1\" class=\"module_row themify_builder_row tb_zvg0401 tf_w tf_clearfix hide-mobile\">\n\t\t\t\t\t<div class=\"row_inner col_align_top tb_col_count_2 tf_box tf_rel\">\n\t\t\t\t\t<div  data-lazy=\"1\" class=\"module_column tb-column col3-1 tb_4c2f403 first\">\n\t\t\t\t\t\t\t\t\t<div class=\"tb-column-inner tf_box tf_w\">\n\t\t\t\t<!-- module text -->\n<div  class=\"module module-text tb_bunj403  repeat \" data-lazy=\"1\">\n        <div  class=\"tb_text_wrap\">\n    <h3 style=\"text-align: right;\">Escaliers Multi Design<\/h3>\n<p>9500 route transcanadienne\u00a0<\/p>\n<div>St-Laurent, Qu\u00e9bec,<\/div>\n<div>\u00a0H4s 1r7\u00a0<\/div>\n<div>\u00a0<\/div>\n<div>\u00a0TEL: 514.339.2647<\/div>    <\/div>\n<\/div>\n<!-- \/module text -->\t\t<div  data-lazy=\"1\" class=\"module_subrow themify_builder_sub_row tb_q5rn247 tf_w tf_clearfix\">\n\t\t\t\t\t<div class=\"subrow_inner col_align_top tb_col_count_1 tf_box tf_w\">\n\t\t\t\t\t<div  data-lazy=\"1\" class=\"module_column sub_column col-full tb_bvb0248 first\">\n\t\t\t\t\t\t\t<\/div><!-- .module_column -->\n\t\t\t\t\t\t<\/div><!-- .subrow_inner -->\n\t\t<\/div><!-- .themify_builder_sub_row -->\n\t\t\t\t\t\t\t\t<\/div><!-- .tb-column-inner -->\n\t\t\t\t\t\t<\/div><!-- .module_column -->\n\t\t\t\t\t<div  data-lazy=\"1\" class=\"module_column tb-column col3-2 tb_5rme404 last\">\n\t\t\t\t\t\t\t\t\t<div class=\"tb-column-inner tf_box tf_w\">\n\t\t\t\t<!-- module text -->\n<div  class=\"module module-text tb_qzqp404  repeat \" data-lazy=\"1\">\n        <div  class=\"tb_text_wrap\">\n    <p style=\"background: white; margin: 0cm 0cm 7.5pt 0cm;\"><span style=\"font-family: 'Corbel',sans-serif; color: #4b4b4b;\">Nous sommes \u00e0 la recherche de candidats passionn\u00e9s comme vous, qui font du service et du d\u00e9veloppement une priorit\u00e9 et qui contribueront de mani\u00e8re importante \u00e0 notre d\u00e9veloppement.<\/span><\/p>\n<p style=\"background: white; margin: 0cm 0cm 7.5pt 0cm;\"><b><span style=\"font-family: 'Corbel',sans-serif; color: #4b4b4b;\">Postulez d\u00e8s maintenant sur un de nos postes vacants ou envoyez-nous votre candidature spontan\u00e9e.<\/span><\/b><\/p>    <\/div>\n<\/div>\n<!-- \/module text --><!-- module contact -->\n<div  id=\"tb_uaf1405\" class=\"module module-contact tb_uaf1405 contact-style2 \" data-lazy=\"1\">\n    \n\t<form class=\"builder-contact\"\n\t\tid=\"tb_uaf1405-form\"\n\t\tmethod=\"post\"\n\t\tdata-post-id=\"1118\"\n\t\tdata-element-id=\"uaf1405\"\n\t\tdata-orig-id=\"1118\"\n\t>\n    <div class=\"contact-message\"><\/div>\n\t<div class=\"builder-contact-fields tf_rel\">\n\t\t    \t\t    <div class=\"builder-contact-field builder-contact-field-name builder-contact-text-field\">\n\t\t\t    <label class=\"control-label\" for=\"tb_uaf1405-contact-name\">\n\t\t\t\t\t\t\t\t\t\t<span class=\"tb-label-span\">Nom <\/span><span class=\"required\">*<\/span>\t\t\t\t<\/label>\n\t\t\t    <div class=\"control-input tf_rel\">\n\t\t\t\t    \t\t\t\t\t    <input type=\"text\" name=\"contact-name\" placeholder=\"\" id=\"tb_uaf1405-contact-name\" value=\"\" class=\"form-control\" required>\n\t\t\t\t    \t\t\t\t    \t\t\t    <\/div>\n\t\t<\/div>\n\t    \n\t\t    \t\t    <div class=\"builder-contact-field builder-contact-field-email builder-contact-text-field\">\n\t\t\t    <label class=\"control-label\" for=\"tb_uaf1405-contact-email\">\n\t\t\t\t\t\t\t\t\t\t<span class=\"tb-label-span\">Adresse Courriel <\/span><span class=\"required\">*<\/span>\t\t\t\t<\/label>\n\t\t\t    <div class=\"control-input tf_rel\">\n\t\t\t\t    \t\t\t\t\t    <input type=\"email\" name=\"contact-email\" placeholder=\"\" id=\"tb_uaf1405-contact-email\" value=\"\" class=\"form-control\" required>\n\t\t\t\t    \t\t\t\t    \t\t\t    <\/div>\n\t\t<\/div>\n\t    \n\t\t    \t\t    \t\t    <div class=\"builder-contact-field builder-contact-field-extra builder-contact-text-field builder-contact-tel-field\">\n\t\t\t\t\n\t\t\t\t<label class=\"control-label\" for=\"field_extra_tb_uaf1405_0\">\n\t\t\t\t\t\n\t\t\t\t\tT\u00e9l\u00e9phone\t\t\t\t\t\t\t\t\t\t\t<input type=\"hidden\" name=\"field_extra_name_0\" value=\"T\u00e9l\u00e9phone\">\n\t\t\t\t\t\t\t\t\t<\/label>\n\t\t\t\t<div class=\"control-input tf_rel\">\n\t\t\t\t\t\t\t\t\t\t\t<input type=\"tel\" name=\"field_extra_0\" id=\"field_extra_tb_uaf1405_0\" placeholder=\"\" class=\"form-control\">\n\t\t\t\t\t\n\t\t\t\t\t\t\t\t\t<\/div>\n\t\t    <\/div>\n\t    \n\t\t    \t\t    <div class=\"builder-contact-field builder-contact-field-subject builder-contact-text-field\">\n\t\t\t    <label class=\"control-label\" for=\"tb_uaf1405-contact-subject\">\n\t\t\t\t\t\t\t\t\t\t<span class=\"tb-label-span\">Sujet <\/span><span class=\"required\">*<\/span>\t\t\t\t<\/label>\n\t\t\t    <div class=\"control-input tf_rel\">\n\t\t\t\t    \t\t\t\t\t    <input type=\"text\" name=\"contact-subject\" placeholder=\"\" id=\"tb_uaf1405-contact-subject\" value=\"\" class=\"form-control\" required>\n\t\t\t\t    \t\t\t\t    \t\t\t    <\/div>\n\t\t<\/div>\n\t    \n\t\t    \t\t    <div class=\"builder-contact-field builder-contact-field-message builder-contact-textarea-field\">\n\t\t\t    <label class=\"control-label\" for=\"tb_uaf1405-contact-message\">\n\t\t\t\t\t\t\t\t\t\t<span class=\"tb-label-span\">Message <\/span>\t\t\t\t<\/label>\n\t\t\t    <div class=\"control-input tf_rel\">\n\t\t\t\t    \t\t\t\t\t    <textarea name=\"contact-message\" placeholder=\"\" id=\"tb_uaf1405-contact-message\" class=\"form-control\"><\/textarea>\n\t\t\t\t    \t\t\t\t    \t\t\t    <\/div>\n\t\t<\/div>\n\t    \n\t\t    \t\t    \t\t    <div class=\"builder-contact-field builder-contact-field-extra builder-contact-upload-field\">\n\t\t\t\t\n\t\t\t\t<label class=\"control-label\" for=\"field_extra_tb_uaf1405_1\">\n\t\t\t\t\t\n\t\t\t\t\tJoignez Votre CV\t\t\t\t\t\t\t\t\t\t\t<input type=\"hidden\" name=\"field_extra_name_1\" value=\"Joignez Votre CV\">\n\t\t\t\t\t\t\t\t\t<\/label>\n\t\t\t\t<div class=\"control-input tf_rel\">\n\t\t\t\t\t\t\t\t\t\t\t<input type=\"file\" name=\"field_extra_1\" id=\"field_extra_tb_uaf1405_1\" placeholder=\" \" class=\"form-control\">\n\t\t\t\t\t\n\t\t\t\t\t\t\t\t\t<\/div>\n\t\t    <\/div>\n\t    \n\t\t    \t\t\n\t\t\n\t    \n\t    <div class=\"builder-contact-field builder-contact-field-send control-input tf_textl tf_clear tf_rel\">\n\t\t\t<button type=\"submit\" class=\"btn btn-primary\">\n\t\t\t\t<span class=\"tf_loader\"><\/span>\t\t\t\t<span class=\"tf_submit_icon\"><\/span> \n\t\t\t\tEnvoyer\t\t\t<\/button>\n\t    <\/div>\n\t<\/div>\n    <\/form>\n    <\/div>\n<!-- \/module contact -->\n\t\t\t\t<\/div><!-- .tb-column-inner -->\n\t\t\t\t\t\t<\/div><!-- .module_column -->\n\t\t\t\t\t\t<\/div><!-- .row_inner -->\n\t\t<\/div><!-- .module_row -->\n\t\t\t\t\t\t\t\t<!-- module_row -->\n\t\t<div  data-lazy=\"1\" class=\"module_row themify_builder_row tb_fthm244 tf_w tf_clearfix hide-desktop hide-tablet hide-tablet_landscape\">\n\t\t\t\t\t<div class=\"row_inner col_align_top tb_col_count_2 tf_box tf_rel\">\n\t\t\t\t\t<div  data-lazy=\"1\" class=\"module_column tb-column col3-1 tb_0f9p245 first\">\n\t\t\t\t\t\t\t\t\t<div class=\"tb-column-inner tf_box tf_w\">\n\t\t\t\t<!-- module text -->\n<div  class=\"module module-text tb_lhfc246  repeat  hide-desktop hide-tablet hide-tablet_landscape\" data-lazy=\"1\">\n        <div  class=\"tb_text_wrap\">\n        <\/div>\n<\/div>\n<!-- \/module text -->\t\t\t\t<\/div><!-- .tb-column-inner -->\n\t\t\t\t\t\t<\/div><!-- .module_column -->\n\t\t\t\t\t<div  data-lazy=\"1\" class=\"module_column tb-column col3-2 tb_svut246 last\">\n\t\t\t\t\t\t\t\t\t<div class=\"tb-column-inner tf_box tf_w\">\n\t\t\t\t<!-- module text -->\n<div  class=\"module module-text tb_h5sr246  repeat \" data-lazy=\"1\">\n        <div  class=\"tb_text_wrap\">\n    <p style=\"background: white; margin: 0cm 0cm 7.5pt 0cm;\"><span style=\"font-family: 'Corbel',sans-serif; color: #4b4b4b;\">Nous sommes \u00e0 la recherche de candidats passionn\u00e9s comme vous, qui font du service et du d\u00e9veloppement une priorit\u00e9 et qui contribueront de mani\u00e8re importante \u00e0 notre d\u00e9veloppement.<\/span><\/p>\n<p style=\"background: white; margin: 0cm 0cm 7.5pt 0cm;\"><b><span style=\"font-family: 'Corbel',sans-serif; color: #4b4b4b;\">Postulez d\u00e8s maintenant sur un de nos postes vacants ou envoyez-nous votre candidature spontan\u00e9e.<\/span><\/b><\/p>    <\/div>\n<\/div>\n<!-- \/module text --><!-- module contact -->\n<div  id=\"tb_i1pm246\" class=\"module module-contact tb_i1pm246 contact-style2 \" data-lazy=\"1\">\n    \n\t<form class=\"builder-contact\"\n\t\tid=\"tb_i1pm246-form\"\n\t\tmethod=\"post\"\n\t\tdata-post-id=\"1118\"\n\t\tdata-element-id=\"i1pm246\"\n\t\tdata-orig-id=\"1118\"\n\t>\n    <div class=\"contact-message\"><\/div>\n\t<div class=\"builder-contact-fields tf_rel\">\n\t\t    \t\t    <div class=\"builder-contact-field builder-contact-field-name builder-contact-text-field\">\n\t\t\t    <label class=\"control-label\" for=\"tb_i1pm246-contact-name\">\n\t\t\t\t\t\t\t\t\t\t<span class=\"tb-label-span\">Nom <\/span><span class=\"required\">*<\/span>\t\t\t\t<\/label>\n\t\t\t    <div class=\"control-input tf_rel\">\n\t\t\t\t    \t\t\t\t\t    <input type=\"text\" name=\"contact-name\" placeholder=\"\" id=\"tb_i1pm246-contact-name\" value=\"\" class=\"form-control\" required>\n\t\t\t\t    \t\t\t\t    \t\t\t    <\/div>\n\t\t<\/div>\n\t    \n\t\t    \t\t    <div class=\"builder-contact-field builder-contact-field-email builder-contact-text-field\">\n\t\t\t    <label class=\"control-label\" for=\"tb_i1pm246-contact-email\">\n\t\t\t\t\t\t\t\t\t\t<span class=\"tb-label-span\">Adresse Courriel <\/span><span class=\"required\">*<\/span>\t\t\t\t<\/label>\n\t\t\t    <div class=\"control-input tf_rel\">\n\t\t\t\t    \t\t\t\t\t    <input type=\"email\" name=\"contact-email\" placeholder=\"\" id=\"tb_i1pm246-contact-email\" value=\"\" class=\"form-control\" required>\n\t\t\t\t    \t\t\t\t    \t\t\t    <\/div>\n\t\t<\/div>\n\t    \n\t\t    \t\t    \t\t    <div class=\"builder-contact-field builder-contact-field-extra builder-contact-text-field builder-contact-tel-field\">\n\t\t\t\t\n\t\t\t\t<label class=\"control-label\" for=\"field_extra_tb_i1pm246_0\">\n\t\t\t\t\t\n\t\t\t\t\tT\u00e9l\u00e9phone\t\t\t\t\t\t\t\t\t\t\t<input type=\"hidden\" name=\"field_extra_name_0\" value=\"T\u00e9l\u00e9phone\">\n\t\t\t\t\t\t\t\t\t<\/label>\n\t\t\t\t<div class=\"control-input tf_rel\">\n\t\t\t\t\t\t\t\t\t\t\t<input type=\"tel\" name=\"field_extra_0\" id=\"field_extra_tb_i1pm246_0\" placeholder=\"\" class=\"form-control\">\n\t\t\t\t\t\n\t\t\t\t\t\t\t\t\t<\/div>\n\t\t    <\/div>\n\t    \n\t\t    \t\t    <div class=\"builder-contact-field builder-contact-field-subject builder-contact-text-field\">\n\t\t\t    <label class=\"control-label\" for=\"tb_i1pm246-contact-subject\">\n\t\t\t\t\t\t\t\t\t\t<span class=\"tb-label-span\">Sujet <\/span><span class=\"required\">*<\/span>\t\t\t\t<\/label>\n\t\t\t    <div class=\"control-input tf_rel\">\n\t\t\t\t    \t\t\t\t\t    <input type=\"text\" name=\"contact-subject\" placeholder=\"\" id=\"tb_i1pm246-contact-subject\" value=\"\" class=\"form-control\" required>\n\t\t\t\t    \t\t\t\t    \t\t\t    <\/div>\n\t\t<\/div>\n\t    \n\t\t    \t\t    <div class=\"builder-contact-field builder-contact-field-message builder-contact-textarea-field\">\n\t\t\t    <label class=\"control-label\" for=\"tb_i1pm246-contact-message\">\n\t\t\t\t\t\t\t\t\t\t<span class=\"tb-label-span\">Message <\/span>\t\t\t\t<\/label>\n\t\t\t    <div class=\"control-input tf_rel\">\n\t\t\t\t    \t\t\t\t\t    <textarea name=\"contact-message\" placeholder=\"\" id=\"tb_i1pm246-contact-message\" class=\"form-control\"><\/textarea>\n\t\t\t\t    \t\t\t\t    \t\t\t    <\/div>\n\t\t<\/div>\n\t    \n\t\t    \t\t    \t\t    <div class=\"builder-contact-field builder-contact-field-extra builder-contact-upload-field\">\n\t\t\t\t\n\t\t\t\t<label class=\"control-label\" for=\"field_extra_tb_i1pm246_1\">\n\t\t\t\t\t\n\t\t\t\t\tJoignez Votre CV\t\t\t\t\t\t\t\t\t\t\t<input type=\"hidden\" name=\"field_extra_name_1\" value=\"Joignez Votre CV\">\n\t\t\t\t\t\t\t\t\t<\/label>\n\t\t\t\t<div class=\"control-input tf_rel\">\n\t\t\t\t\t\t\t\t\t\t\t<input type=\"file\" name=\"field_extra_1\" id=\"field_extra_tb_i1pm246_1\" placeholder=\" \" class=\"form-control\">\n\t\t\t\t\t\n\t\t\t\t\t\t\t\t\t<\/div>\n\t\t    <\/div>\n\t    \n\t\t    \t\t\n\t\t\n\t    \n\t    <div class=\"builder-contact-field builder-contact-field-send control-input tf_textl tf_clear tf_rel\">\n\t\t\t<button type=\"submit\" class=\"btn btn-primary\">\n\t\t\t\t<span class=\"tf_loader\"><\/span>\t\t\t\t<span class=\"tf_submit_icon\"><\/span> \n\t\t\t\tEnvoyer\t\t\t<\/button>\n\t    <\/div>\n\t<\/div>\n    <\/form>\n    <\/div>\n<!-- \/module contact -->\n\t\t\t\t<\/div><!-- .tb-column-inner -->\n\t\t\t\t\t\t<\/div><!-- .module_column -->\n\t\t\t\t\t\t<\/div><!-- .row_inner -->\n\t\t<\/div><!-- .module_row -->\n\t\t\t\t<\/div>\n<!--\/themify_builder_content-->","protected":false},"excerpt":{"rendered":"<p>\u00a0 CARRI\u00c8RE \u00a0 CARRI\u00c8RE Escaliers Multi Design 9500 route transcanadienne\u00a0 St-Laurent, Qu\u00e9bec, \u00a0H4s 1r7\u00a0 \u00a0 \u00a0TEL: 514.339.2647 Nous sommes \u00e0 la recherche de candidats passionn\u00e9s comme vous, qui font du service et du d\u00e9veloppement une priorit\u00e9 et qui contribueront de mani\u00e8re importante \u00e0 notre d\u00e9veloppement. Postulez d\u00e8s maintenant sur un de nos postes vacants ou [&hellip;]<\/p>\n","protected":false},"author":1,"featured_media":0,"parent":0,"menu_order":0,"comment_status":"closed","ping_status":"closed","template":"","meta":{"om_disable_all_campaigns":false,"_monsterinsights_skip_tracking":false,"_monsterinsights_sitenote_active":false,"_monsterinsights_sitenote_note":"","_monsterinsights_sitenote_category":0,"footnotes":""},"class_list":["post-1118","page","type-page","status-publish","hentry","has-post-title","has-post-date","has-post-category","has-post-tag","has-post-comment","has-post-author",""],"yoast_head":"<!-- This site is optimized with the Yoast SEO plugin v27.4 - https:\/\/yoast.com\/product\/yoast-seo-wordpress\/ -->\n<title>Escaliers Multi Design - Travaillez avec une \u00e9quipe d&#039;exp\u00e9rience<\/title>\n<meta name=\"description\" content=\"Nous sommes \u00e0 la recherche de candidats passionn\u00e9s comme vous, qui font du service et du d\u00e9veloppement une priorit\u00e9.\" \/>\n<meta name=\"robots\" content=\"index, follow, max-snippet:-1, max-image-preview:large, max-video-preview:-1\" \/>\n<link rel=\"canonical\" href=\"https:\/\/escaliersmultidesign.ca\/index.php\/carriere\/\" \/>\n<meta property=\"og:locale\" content=\"fr_CA\" \/>\n<meta property=\"og:type\" content=\"article\" \/>\n<meta property=\"og:title\" content=\"Escaliers Multi Design - Travaillez avec une \u00e9quipe d&#039;exp\u00e9rience\" \/>\n<meta property=\"og:description\" content=\"Nous sommes \u00e0 la recherche de candidats passionn\u00e9s comme vous, qui font du service et du d\u00e9veloppement une priorit\u00e9.\" \/>\n<meta property=\"og:url\" content=\"https:\/\/escaliersmultidesign.ca\/index.php\/carriere\/\" \/>\n<meta property=\"og:site_name\" content=\"Escaliers Multi Design\" \/>\n<meta property=\"article:modified_time\" content=\"2022-06-01T13:40:33+00:00\" \/>\n<meta name=\"twitter:card\" content=\"summary_large_image\" \/>\n<script type=\"application\/ld+json\" class=\"yoast-schema-graph\">{\"@context\":\"https:\\\/\\\/schema.org\",\"@graph\":[{\"@type\":\"WebPage\",\"@id\":\"https:\\\/\\\/escaliersmultidesign.ca\\\/index.php\\\/carriere\\\/\",\"url\":\"https:\\\/\\\/escaliersmultidesign.ca\\\/index.php\\\/carriere\\\/\",\"name\":\"Escaliers Multi Design - Travaillez avec une \u00e9quipe d'exp\u00e9rience\",\"isPartOf\":{\"@id\":\"https:\\\/\\\/escaliersmultidesign.ca\\\/#website\"},\"datePublished\":\"2020-07-20T18:05:29+00:00\",\"dateModified\":\"2022-06-01T13:40:33+00:00\",\"description\":\"Nous sommes \u00e0 la recherche de candidats passionn\u00e9s comme vous, qui font du service et du d\u00e9veloppement une priorit\u00e9.\",\"breadcrumb\":{\"@id\":\"https:\\\/\\\/escaliersmultidesign.ca\\\/index.php\\\/carriere\\\/#breadcrumb\"},\"inLanguage\":\"fr-CA\",\"potentialAction\":[{\"@type\":\"ReadAction\",\"target\":[\"https:\\\/\\\/escaliersmultidesign.ca\\\/index.php\\\/carriere\\\/\"]}]},{\"@type\":\"BreadcrumbList\",\"@id\":\"https:\\\/\\\/escaliersmultidesign.ca\\\/index.php\\\/carriere\\\/#breadcrumb\",\"itemListElement\":[{\"@type\":\"ListItem\",\"position\":1,\"name\":\"Accueil\",\"item\":\"https:\\\/\\\/escaliersmultidesign.ca\\\/\"},{\"@type\":\"ListItem\",\"position\":2,\"name\":\"Carri\u00e8re\"}]},{\"@type\":\"WebSite\",\"@id\":\"https:\\\/\\\/escaliersmultidesign.ca\\\/#website\",\"url\":\"https:\\\/\\\/escaliersmultidesign.ca\\\/\",\"name\":\"Escaliers Multi Design\",\"description\":\"La Marche A Suivre\",\"potentialAction\":[{\"@type\":\"SearchAction\",\"target\":{\"@type\":\"EntryPoint\",\"urlTemplate\":\"https:\\\/\\\/escaliersmultidesign.ca\\\/?s={search_term_string}\"},\"query-input\":{\"@type\":\"PropertyValueSpecification\",\"valueRequired\":true,\"valueName\":\"search_term_string\"}}],\"inLanguage\":\"fr-CA\"}]}<\/script>\n<!-- \/ Yoast SEO plugin. -->","yoast_head_json":{"title":"Escaliers Multi Design - Travaillez avec une \u00e9quipe d'exp\u00e9rience","description":"Nous sommes \u00e0 la recherche de candidats passionn\u00e9s comme vous, qui font du service et du d\u00e9veloppement une priorit\u00e9.","robots":{"index":"index","follow":"follow","max-snippet":"max-snippet:-1","max-image-preview":"max-image-preview:large","max-video-preview":"max-video-preview:-1"},"canonical":"https:\/\/escaliersmultidesign.ca\/index.php\/carriere\/","og_locale":"fr_CA","og_type":"article","og_title":"Escaliers Multi Design - Travaillez avec une \u00e9quipe d'exp\u00e9rience","og_description":"Nous sommes \u00e0 la recherche de candidats passionn\u00e9s comme vous, qui font du service et du d\u00e9veloppement une priorit\u00e9.","og_url":"https:\/\/escaliersmultidesign.ca\/index.php\/carriere\/","og_site_name":"Escaliers Multi Design","article_modified_time":"2022-06-01T13:40:33+00:00","twitter_card":"summary_large_image","schema":{"@context":"https:\/\/schema.org","@graph":[{"@type":"WebPage","@id":"https:\/\/escaliersmultidesign.ca\/index.php\/carriere\/","url":"https:\/\/escaliersmultidesign.ca\/index.php\/carriere\/","name":"Escaliers Multi Design - Travaillez avec une \u00e9quipe d'exp\u00e9rience","isPartOf":{"@id":"https:\/\/escaliersmultidesign.ca\/#website"},"datePublished":"2020-07-20T18:05:29+00:00","dateModified":"2022-06-01T13:40:33+00:00","description":"Nous sommes \u00e0 la recherche de candidats passionn\u00e9s comme vous, qui font du service et du d\u00e9veloppement une priorit\u00e9.","breadcrumb":{"@id":"https:\/\/escaliersmultidesign.ca\/index.php\/carriere\/#breadcrumb"},"inLanguage":"fr-CA","potentialAction":[{"@type":"ReadAction","target":["https:\/\/escaliersmultidesign.ca\/index.php\/carriere\/"]}]},{"@type":"BreadcrumbList","@id":"https:\/\/escaliersmultidesign.ca\/index.php\/carriere\/#breadcrumb","itemListElement":[{"@type":"ListItem","position":1,"name":"Accueil","item":"https:\/\/escaliersmultidesign.ca\/"},{"@type":"ListItem","position":2,"name":"Carri\u00e8re"}]},{"@type":"WebSite","@id":"https:\/\/escaliersmultidesign.ca\/#website","url":"https:\/\/escaliersmultidesign.ca\/","name":"Escaliers Multi Design","description":"La Marche A Suivre","potentialAction":[{"@type":"SearchAction","target":{"@type":"EntryPoint","urlTemplate":"https:\/\/escaliersmultidesign.ca\/?s={search_term_string}"},"query-input":{"@type":"PropertyValueSpecification","valueRequired":true,"valueName":"search_term_string"}}],"inLanguage":"fr-CA"}]}},"builder_content":"<h1>\u00a0<\/h1> <h1 style=\"text-align: left;\">CARRI\u00c8RE<\/h1>\n<h1>\u00a0<\/h1> <h1 style=\"text-align: left;\">CARRI\u00c8RE<\/h1>\n<h3 style=\"text-align: right;\">Escaliers Multi Design<\/h3> <p>9500 route transcanadienne\u00a0<\/p> St-Laurent, Qu\u00e9bec, \u00a0H4s 1r7\u00a0 \u00a0 \u00a0TEL: 514.339.2647\n<p style=\"background: white; margin: 0cm 0cm 7.5pt 0cm;\">Nous sommes \u00e0 la recherche de candidats passionn\u00e9s comme vous, qui font du service et du d\u00e9veloppement une priorit\u00e9 et qui contribueront de mani\u00e8re importante \u00e0 notre d\u00e9veloppement.<\/p> <p style=\"background: white; margin: 0cm 0cm 7.5pt 0cm;\"><b>Postulez d\u00e8s maintenant sur un de nos postes vacants ou envoyez-nous votre candidature spontan\u00e9e.<\/b><\/p>\n<form id=\"tb_uaf1405-form\" method=\"post\" data-post-id=\"0\" data-element-id=\"uaf1405\" data-orig-id=\"1118\" > <label for=\"tb_uaf1405-contact-name\"> Nom * <\/label> <input type=\"text\" name=\"contact-name\" placeholder=\"\" id=\"tb_uaf1405-contact-name\" value=\"\" required> <label for=\"tb_uaf1405-contact-email\"> Adresse Courriel * <\/label> <input type=\"email\" name=\"contact-email\" placeholder=\"\" id=\"tb_uaf1405-contact-email\" value=\"\" required> <label for=\"field_extra_tb_uaf1405_0\"> T\u00e9l\u00e9phone <input type=\"hidden\" name=\"field_extra_name_0\" value=\"T\u00e9l\u00e9phone\"> <\/label> <input type=\"tel\" name=\"field_extra_0\" id=\"field_extra_tb_uaf1405_0\" placeholder=\"\"> <label for=\"tb_uaf1405-contact-subject\"> Sujet * <\/label> <input type=\"text\" name=\"contact-subject\" placeholder=\"\" id=\"tb_uaf1405-contact-subject\" value=\"\" required> <label for=\"tb_uaf1405-contact-message\"> Message <\/label> <textarea name=\"contact-message\" placeholder=\"\" id=\"tb_uaf1405-contact-message\"><\/textarea> <label for=\"field_extra_tb_uaf1405_1\"> Joignez Votre CV <input type=\"hidden\" name=\"field_extra_name_1\" value=\"Joignez Votre CV\"> <\/label> <input type=\"file\" name=\"field_extra_1\" id=\"field_extra_tb_uaf1405_1\" placeholder=\" \"> <button type=\"submit\"> Envoyer <\/button> <\/form>\n\n<p style=\"background: white; margin: 0cm 0cm 7.5pt 0cm;\">Nous sommes \u00e0 la recherche de candidats passionn\u00e9s comme vous, qui font du service et du d\u00e9veloppement une priorit\u00e9 et qui contribueront de mani\u00e8re importante \u00e0 notre d\u00e9veloppement.<\/p> <p style=\"background: white; margin: 0cm 0cm 7.5pt 0cm;\"><b>Postulez d\u00e8s maintenant sur un de nos postes vacants ou envoyez-nous votre candidature spontan\u00e9e.<\/b><\/p>\n<form id=\"tb_i1pm246-form\" method=\"post\" data-post-id=\"0\" data-element-id=\"i1pm246\" data-orig-id=\"1118\" > <label for=\"tb_i1pm246-contact-name\"> Nom * <\/label> <input type=\"text\" name=\"contact-name\" placeholder=\"\" id=\"tb_i1pm246-contact-name\" value=\"\" required> <label for=\"tb_i1pm246-contact-email\"> Adresse Courriel * <\/label> <input type=\"email\" name=\"contact-email\" placeholder=\"\" id=\"tb_i1pm246-contact-email\" value=\"\" required> <label for=\"field_extra_tb_i1pm246_0\"> T\u00e9l\u00e9phone <input type=\"hidden\" name=\"field_extra_name_0\" value=\"T\u00e9l\u00e9phone\"> <\/label> <input type=\"tel\" name=\"field_extra_0\" id=\"field_extra_tb_i1pm246_0\" placeholder=\"\"> <label for=\"tb_i1pm246-contact-subject\"> Sujet * <\/label> <input type=\"text\" name=\"contact-subject\" placeholder=\"\" id=\"tb_i1pm246-contact-subject\" value=\"\" required> <label for=\"tb_i1pm246-contact-message\"> Message <\/label> <textarea name=\"contact-message\" placeholder=\"\" id=\"tb_i1pm246-contact-message\"><\/textarea> <label for=\"field_extra_tb_i1pm246_1\"> Joignez Votre CV <input type=\"hidden\" name=\"field_extra_name_1\" value=\"Joignez Votre CV\"> <\/label> <input type=\"file\" name=\"field_extra_1\" id=\"field_extra_tb_i1pm246_1\" placeholder=\" \"> <button type=\"submit\"> Envoyer <\/button> <\/form>","_links":{"self":[{"href":"https:\/\/escaliersmultidesign.ca\/index.php\/wp-json\/wp\/v2\/pages\/1118","targetHints":{"allow":["GET"]}}],"collection":[{"href":"https:\/\/escaliersmultidesign.ca\/index.php\/wp-json\/wp\/v2\/pages"}],"about":[{"href":"https:\/\/escaliersmultidesign.ca\/index.php\/wp-json\/wp\/v2\/types\/page"}],"author":[{"embeddable":true,"href":"https:\/\/escaliersmultidesign.ca\/index.php\/wp-json\/wp\/v2\/users\/1"}],"replies":[{"embeddable":true,"href":"https:\/\/escaliersmultidesign.ca\/index.php\/wp-json\/wp\/v2\/comments?post=1118"}],"version-history":[{"count":167,"href":"https:\/\/escaliersmultidesign.ca\/index.php\/wp-json\/wp\/v2\/pages\/1118\/revisions"}],"predecessor-version":[{"id":3283,"href":"https:\/\/escaliersmultidesign.ca\/index.php\/wp-json\/wp\/v2\/pages\/1118\/revisions\/3283"}],"wp:attachment":[{"href":"https:\/\/escaliersmultidesign.ca\/index.php\/wp-json\/wp\/v2\/media?parent=1118"}],"curies":[{"name":"wp","href":"https:\/\/api.w.org\/{rel}","templated":true}]}}