{"id":631,"date":"2021-10-27T14:43:45","date_gmt":"2021-10-27T19:43:45","guid":{"rendered":"http:\/\/escaliersmultidesign.ca\/index.php\/escaliers-copy\/"},"modified":"2024-06-03T14:45:02","modified_gmt":"2024-06-03T19:45:02","slug":"garde-corps","status":"publish","type":"page","link":"https:\/\/escaliersmultidesign.ca\/index.php\/garde-corps\/","title":{"rendered":"Garde-Corps"},"content":{"rendered":"<!--themify_builder_content-->\n<div id=\"themify_builder_content-631\" data-postid=\"631\" class=\"themify_builder_content themify_builder_content-631 themify_builder tf_clear\">\n    \t\t\t\t<!-- module_row -->\n\t\t<div  data-desktop-padding=\",166px\" data-css_id=\"irei139\" data-lazy=\"1\" class=\"module_row themify_builder_row fullwidth_row_container tb_irei139 tb_first tf_w tf_clearfix hide-mobile wow\" data-tf-animation=\"fadeIn\">\n\t\t<div class=\"builder_row_cover tf_abs\"><\/div>\t\t\t<div class=\"row_inner col_align_top tb_col_count_1 tf_box tf_rel\">\n\t\t\t\t\t<div  data-lazy=\"1\" class=\"module_column tb-column col-full tb_m4ds141 first\">\n\t\t\t\t\t\t\t\t\t<div class=\"tb-column-inner tf_box tf_w\">\n\t\t\t\t<!-- module text -->\n<div  class=\"module module-text tb_7r6f142    wow\" data-tf-animation=\"fadeInUp\" data-lazy=\"1\">\n        <div  class=\"tb_text_wrap\">\n    <h2>\u00a0<\/h2>\n<p>\u00a0<\/p>\n<h1 style=\"text-align: left;\">GARDE-CORPS<\/h1>    <\/div>\n<\/div>\n<!-- \/module text -->\t\t\t\t<\/div><!-- .tb-column-inner -->\n\t\t\t\t\t\t<\/div><!-- .module_column -->\n\t\t\t\t\t\t<\/div><!-- .row_inner -->\n\t\t<\/div><!-- .module_row -->\n\t\t\t\t\t\t\t\t<!-- module_row -->\n\t\t<div  data-desktop-padding=\",166px\" data-css_id=\"ix0r407\" data-lazy=\"1\" class=\"module_row themify_builder_row fullwidth_row_container tb_ix0r407 tf_w tf_clearfix hide-desktop hide-tablet hide-tablet_landscape wow\" data-tf-animation=\"fadeIn\">\n\t\t<div class=\"builder_row_cover tf_abs\"><\/div>\t\t\t<div class=\"row_inner col_align_top tb_col_count_1 tf_box tf_rel\">\n\t\t\t\t\t<div  data-lazy=\"1\" class=\"module_column tb-column col-full tb_1idm407 first\">\n\t\t\t\t\t\t\t\t\t<div class=\"tb-column-inner tf_box tf_w\">\n\t\t\t\t<!-- module text -->\n<div  class=\"module module-text tb_a6z5407    wow\" data-tf-animation=\"fadeInUp\" data-lazy=\"1\">\n        <div  class=\"tb_text_wrap\">\n    <h2>\u00a0<\/h2>\n<h2>\u00a0<\/h2>\n<h2 style=\"text-align: left;\"><span style=\"background-color: initial;\">GARDE-CORPS<\/span><\/h2>    <\/div>\n<\/div>\n<!-- \/module text -->\t\t\t\t<\/div><!-- .tb-column-inner -->\n\t\t\t\t\t\t<\/div><!-- .module_column -->\n\t\t\t\t\t\t<\/div><!-- .row_inner -->\n\t\t<\/div><!-- .module_row -->\n\t\t\t\t\t\t\t\t<!-- module_row -->\n\t\t<div  data-lazy=\"1\" class=\"module_row themify_builder_row tb_oiqv139 tf_w tf_clearfix hide-mobile\">\n\t\t\t\t\t<div class=\"row_inner col_align_top tb_col_count_2 tf_box tf_rel\">\n\t\t\t\t\t<div  data-lazy=\"1\" class=\"module_column tb-column col4-2 tb_eb36145 first\">\n\t\t\t\t\t\t\t\t\t<div class=\"tb-column-inner tf_box tf_w\">\n\t\t\t\t<!-- module text -->\n<div  class=\"module module-text tb_bfcd28  repeat \" data-lazy=\"1\">\n        <div  class=\"tb_text_wrap\">\n    <h1 style=\"text-align: left;\">TYPES DE GARDE-CORPS<\/h1>    <\/div>\n<\/div>\n<!-- \/module text --><!-- module text -->\n<div  class=\"module module-text tb_1b2i145  repeat \" data-lazy=\"1\">\n        <div  class=\"tb_text_wrap\">\n    <p>Des garde-corps qui donnent de l&rsquo;\u00e9clat \u00e0 tout escalier&#8230;<\/p>    <\/div>\n<\/div>\n<!-- \/module text --><!-- module text -->\n<div  class=\"module module-text tb_2gu2146  repeat \" data-lazy=\"1\">\n        <div  class=\"tb_text_wrap\">\n    <p>Escalier Multi Design offre un vaste choix de garde-corps qui s&rsquo;agenceront parfaitement avec votre style de demeure.\u00a0 On les choisit\u00a0d\u2019abord pour son c\u00f4t\u00e9 esth\u00e9tique,\u00a0mais on ne doit jamais\u00a0oublier les normes de s\u00e9curit\u00e9 en vigueur.<\/p>\n<p>Si vous d\u00e9sirez moderniser votre escalier \u00e0 moindre budget, il peut \u00eatre int\u00e9ressant de modifier votre rampe, c\u2019est souvent la fa\u00e7on la moins couteuse pour un nouveau look.<\/p>\n<p>Pour une touche de modernit\u00e9 nous pouvons effectuer votre conception originale sur mesure.\u00a0 Que ce soit en m\u00e9tal ou si vous pr\u00e9f\u00e9rez la simplicit\u00e9 des lignes \u00e9pur\u00e9es, optez pour un garde-corps en verre.<\/p>    <\/div>\n<\/div>\n<!-- \/module text --><!-- module buttons -->\n<div  class=\"module module-buttons tb_c73j146 buttons-horizontal transparent \" data-lazy=\"1\">\n\t\t<div class=\"module-buttons-item tf_inline_b\">\n\t\t\t\t\t\t<a href=\"https:\/\/escaliersmultidesign.ca\/index.php\/project\/realisations\/\" class=\"ui builder_button black\" >\n\t\t\t\t\t\t\t\t<span class=\"tf_inline_b tf_vmiddle\">Nos r\u00e9alisations, Notre fiert\u00e9...<\/span>\n\t\t\t\t\t\t\t\t\t\t\t\t<\/a>\n\t\t\t\t\t\t<\/div>\n\t\t\t<\/div>\n<!-- \/module buttons -->\n\t\t\t\t<\/div><!-- .tb-column-inner -->\n\t\t\t\t\t\t<\/div><!-- .module_column -->\n\t\t\t\t\t<div  data-lazy=\"1\" class=\"module_column tb-column col4-2 tb_jn59144 last\">\n\t\t\t\t\t\t\t\t\t<div class=\"tb-column-inner tf_box tf_w\">\n\t\t\t\t<!-- module image -->\n<div  class=\"module module-image tb_hj5o144 rounded  image-overlay active-caption-hover tf_mw\" data-lazy=\"1\">\n        <div class=\"image-wrap tf_rel tf_mw\">\n\t\t    <img loading=\"lazy\" decoding=\"async\" src=\"https:\/\/escaliersmultidesign.ca\/wp-content\/uploads\/2020\/07\/ESCALIER-INTERIEUR-REALISATION-EMD-6-604x780.png\" width=\"604\" height=\"780\" class=\"wp-post-image wp-image-1696\" title=\"ESCALIER INT\u00c9RIEUR R\u00c9ALISATION EMD 6\" alt=\"Escalier ouvert avec garde-corps en verre\" srcset=\"https:\/\/escaliersmultidesign.ca\/wp-content\/uploads\/2020\/07\/ESCALIER-INTERIEUR-REALISATION-EMD-6-604x780.png 604w, https:\/\/escaliersmultidesign.ca\/wp-content\/uploads\/2020\/07\/ESCALIER-INTERIEUR-REALISATION-EMD-6-1x1.png 1w\" sizes=\"auto, (max-width: 604px) 100vw, 604px\" \/>\t\n\t\n    \t\t\t<\/div>\n\t\t<!-- \/image-wrap -->\n\t<\/div>\n<!-- \/module image -->\t\t\t\t<\/div><!-- .tb-column-inner -->\n\t\t\t\t\t\t<\/div><!-- .module_column -->\n\t\t\t\t\t\t<\/div><!-- .row_inner -->\n\t\t<\/div><!-- .module_row -->\n\t\t\t\t\t\t\t\t<!-- module_row -->\n\t\t<div  data-lazy=\"1\" class=\"module_row themify_builder_row tb_2q5n491 tf_w tf_clearfix hide-desktop hide-tablet hide-tablet_landscape\">\n\t\t\t\t\t<div class=\"row_inner col_align_top tb_col_count_1 tf_box tf_rel\">\n\t\t\t\t\t<div  data-lazy=\"1\" class=\"module_column tb-column col-full tb_oj1s491 first\">\n\t\t\t\t\t\t\t\t\t<div class=\"tb-column-inner tf_box tf_w\">\n\t\t\t\t<!-- module image -->\n<div  class=\"module module-image tb_qcsd560 rounded  image-top tf_mw\" data-lazy=\"1\">\n        <div class=\"image-wrap tf_rel tf_mw\">\n\t\t    <img loading=\"lazy\" decoding=\"async\" src=\"https:\/\/escaliersmultidesign.ca\/wp-content\/uploads\/2018\/04\/BASESHOE-RAMPE-VERRE-595x439.jpg\" width=\"595\" height=\"439\" class=\"wp-post-image wp-image-1600\" title=\"BASESHOE RAMPE VERRE\" alt=\"BASESHOE RAMPE VERRE\">\t\n\t\t<\/div>\n\t<!-- \/image-wrap -->\n    \n    \t<\/div>\n<!-- \/module image --><!-- module text -->\n<div  class=\"module module-text tb_39po491   \" data-lazy=\"1\">\n        <div  class=\"tb_text_wrap\">\n    <h2>Types Garde-Corps<\/h2>\n<h3>Des garde-corps qui donnent de l&rsquo;\u00e9clat \u00e0 tout escalier&#8230;<\/h3>\n<p>Escalier Multi Design offre un vaste choix de garde-corps qui s&rsquo;agenceront parfaitement avec votre style de demeure.\u00a0 On les choisit\u00a0d\u2019abord pour son c\u00f4t\u00e9 esth\u00e9tique,\u00a0mais on ne doit jamais\u00a0oublier les normes de s\u00e9curit\u00e9 en vigueur.<\/p>\n<p>Si vous d\u00e9sirez moderniser votre escalier \u00e0 moindre budget, il peut \u00eatre int\u00e9ressant de modifier votre rampe, c\u2019est souvent la fa\u00e7on la moins couteuse pour un nouveau look.<\/p>\n<p>Pour une touche de modernit\u00e9 nous pouvons effectuer votre conception originale sur mesure.\u00a0 Que ce soit en m\u00e9tal ou si vous pr\u00e9f\u00e9rez la simplicit\u00e9 des lignes \u00e9pur\u00e9es, optez pour un garde-corps en verre.<\/p>    <\/div>\n<\/div>\n<!-- \/module text -->\t\t\t\t<\/div><!-- .tb-column-inner -->\n\t\t\t\t\t\t<\/div><!-- .module_column -->\n\t\t\t\t\t\t<\/div><!-- .row_inner -->\n\t\t<\/div><!-- .module_row -->\n\t\t\t\t\t\t\t\t<!-- module_row -->\n\t\t<div  data-css_id=\"esiv140\" data-lazy=\"1\" class=\"module_row themify_builder_row fullwidth tb_esiv140 tf_w tf_clearfix\">\n\t\t\t\t\t<div class=\"row_inner col_align_top tb_col_count_1 tf_box tf_rel\">\n\t\t\t\t\t<div  data-lazy=\"1\" class=\"module_column tb-column col-full tb_gm9x148 first\">\n\t\t\t\t\t\t\t\t\t<div class=\"tb-column-inner tf_box tf_w\">\n\t\t\t\t<!-- module post -->\n<div  class=\"module module-portfolio tb_tnnk149  tb_fullwidth_image\">\n        <div  class=\"builder-posts-wrap loops-wrapper portfolio grid3 masonry no-gutter overlay classic tf_rel tf_clear tf_clearfix\" data-lazy=\"1\">\n\t<article id=\"portfolio-1590\" class=\"post tf_clearfix portfolio-post cat-36 post-1590 portfolio type-portfolio status-publish has-post-thumbnail hentry portfolio-category-garde-corps has-post-title no-post-date has-post-category has-post-tag has-post-comment has-post-author \">\n\t\n\t\n\t\t\t\t<figure class=\"post-image tf_clearfix\">\n\t\t\t    \t\t\t\t\t\t\t\t<a href=\"https:\/\/escaliersmultidesign.ca\/index.php\/project\/garde-corps-en-metal-sur-mesure\/\">\n\t\t\t\t\t\t\t\t<img loading=\"lazy\" decoding=\"async\" src=\"https:\/\/escaliersmultidesign.ca\/wp-content\/uploads\/2020\/08\/MUR-LATTE-SUR-MESURE-WEST-ISLAND-CROP-e1625678263964-440x350.jpg\" width=\"440\" height=\"350\" class=\"wp-post-image wp-image-2324\" title=\"MUR LATTE SUR MESURE WEST ISLAND CROP\" alt=\"MUR LATTE SUR MESURE WEST ISLAND CROP\">\t\t\t\t\t\t\t\t    \t\t\t\t<\/a>\n\t\t\t\t\t\t\t    \t\t\t<\/figure>\n\t\t\t\n\t<div class=\"post-content\">\n\n\t\t\n\t\t\t<div class=\"post-content-inner\">\n\n\t\t\t\t\t\t\n\t\t\t\t\t\t\n\t\t\t\t\t\t<h1 class=\"post-title entry-title\"><a href=\"https:\/\/escaliersmultidesign.ca\/index.php\/project\/garde-corps-en-metal-sur-mesure\/\">Garde-Corps En M\u00e9tal<\/a><\/h1>\n\t\t\n\t\t\t<div class=\"entry-content\">\n\n        \n\t<\/div><!-- \/.entry-content -->\n\t\n\t\t\n\t\t\t<\/div>\n\t\t\t<!-- \/.post-content-inner -->\n\t\t\n\t<\/div>\n\t<!-- \/.post-content -->\n\t<\/article>\n<!-- \/.post -->\n<article id=\"portfolio-492\" class=\"post tf_clearfix portfolio-post cat-36 post-492 portfolio type-portfolio status-publish has-post-thumbnail hentry portfolio-category-garde-corps has-post-title no-post-date has-post-category has-post-tag has-post-comment has-post-author \">\n\t\n\t\n\t\t\t\t<figure class=\"post-image tf_clearfix\">\n\t\t\t    \t\t\t\t\t\t\t\t<a href=\"https:\/\/escaliersmultidesign.ca\/index.php\/project\/garde-corps-en-verre\/\">\n\t\t\t\t\t\t\t\t<img loading=\"lazy\" decoding=\"async\" src=\"https:\/\/escaliersmultidesign.ca\/wp-content\/uploads\/2018\/04\/13040343_28648374-440x350.jpg\" width=\"440\" height=\"350\" class=\"wp-post-image wp-image-1578\" title=\"13040343_28648374\" alt=\"13040343_28648374\" srcset=\"https:\/\/escaliersmultidesign.ca\/wp-content\/uploads\/2018\/04\/13040343_28648374-440x350.jpg 440w, https:\/\/escaliersmultidesign.ca\/wp-content\/uploads\/2018\/04\/13040343_28648374-2x1.jpg 2w\" sizes=\"auto, (max-width: 440px) 100vw, 440px\" \/>\t\t\t\t\t\t\t\t    \t\t\t\t<\/a>\n\t\t\t\t\t\t\t    \t\t\t<\/figure>\n\t\t\t\n\t<div class=\"post-content\">\n\n\t\t\n\t\t\t<div class=\"post-content-inner\">\n\n\t\t\t\t\t\t\n\t\t\t\t\t\t\n\t\t\t\t\t\t<h1 class=\"post-title entry-title\"><a href=\"https:\/\/escaliersmultidesign.ca\/index.php\/project\/garde-corps-en-verre\/\">Garde-Corps En Verre<\/a><\/h1>\n\t\t\n\t\t\t<div class=\"entry-content\">\n\n        \n\t<\/div><!-- \/.entry-content -->\n\t\n\t\t\n\t\t\t<\/div>\n\t\t\t<!-- \/.post-content-inner -->\n\t\t\n\t<\/div>\n\t<!-- \/.post-content -->\n\t<\/article>\n<!-- \/.post -->\n<article id=\"portfolio-493\" class=\"post tf_clearfix portfolio-post cat-36 post-493 portfolio type-portfolio status-publish has-post-thumbnail hentry portfolio-category-garde-corps has-post-title no-post-date has-post-category has-post-tag has-post-comment has-post-author \">\n\t\n\t\n\t\t\t\t<figure class=\"post-image tf_clearfix\">\n\t\t\t    \t\t\t\t\t\t\t\t<a href=\"https:\/\/escaliersmultidesign.ca\/index.php\/project\/barreaux-de-bois\/\">\n\t\t\t\t\t\t\t\t<img loading=\"lazy\" decoding=\"async\" src=\"https:\/\/escaliersmultidesign.ca\/wp-content\/uploads\/2018\/04\/1023-X-768-POTEAUX-K-ET-BARREAU-ROND-STAINLESS-440x350.jpg\" width=\"440\" height=\"350\" class=\"wp-post-image wp-image-2157\" title=\"1023 X 768 POTEAUX K ET BARREAU ROND STAINLESS\" alt=\"1023 X 768 POTEAUX K ET BARREAU ROND STAINLESS\">\t\t\t\t\t\t\t\t    \t\t\t\t<\/a>\n\t\t\t\t\t\t\t    \t\t\t<\/figure>\n\t\t\t\n\t<div class=\"post-content\">\n\n\t\t\n\t\t\t<div class=\"post-content-inner\">\n\n\t\t\t\t\t\t\n\t\t\t\t\t\t\n\t\t\t\t\t\t<h1 class=\"post-title entry-title\"><a href=\"https:\/\/escaliersmultidesign.ca\/index.php\/project\/barreaux-de-bois\/\">BARREAUX<\/a><\/h1>\n\t\t\n\t\t\t<div class=\"entry-content\">\n\n        \n\t<\/div><!-- \/.entry-content -->\n\t\n\t\t\n\t\t\t<\/div>\n\t\t\t<!-- \/.post-content-inner -->\n\t\t\n\t<\/div>\n\t<!-- \/.post-content -->\n\t<\/article>\n<!-- \/.post -->\n<\/div><!-- .builder-posts-wrap -->\n    <\/div>\n    <!-- \/module post -->\n\t\t\t\t<\/div><!-- .tb-column-inner -->\n\t\t\t\t\t\t<\/div><!-- .module_column -->\n\t\t\t\t\t\t<\/div><!-- .row_inner -->\n\t\t<\/div><!-- .module_row -->\n\t\t\t\t<\/div>\n<!--\/themify_builder_content-->\n\n\n<p><\/p>","protected":false},"excerpt":{"rendered":"","protected":false},"author":1,"featured_media":0,"parent":0,"menu_order":0,"comment_status":"closed","ping_status":"closed","template":"","meta":{"om_disable_all_campaigns":false,"_monsterinsights_skip_tracking":false,"_monsterinsights_sitenote_active":false,"_monsterinsights_sitenote_note":"","_monsterinsights_sitenote_category":0,"footnotes":""},"class_list":["post-631","page","type-page","status-publish","hentry","has-post-title","has-post-date","has-post-category","has-post-tag","has-post-comment","has-post-author",""],"yoast_head":"<!-- This site is optimized with the Yoast SEO plugin v27.4 - https:\/\/yoast.com\/product\/yoast-seo-wordpress\/ -->\n<title>Escaliers Multi Design - Garde-Corps pour un design \u00e9l\u00e9gant<\/title>\n<meta name=\"description\" content=\"Escalier Multi Design offre un vaste choix de garde-corps qui s\u2019agenceront parfaitement avec votre style de demeure.\" \/>\n<meta name=\"robots\" content=\"index, follow, max-snippet:-1, max-image-preview:large, max-video-preview:-1\" \/>\n<link rel=\"canonical\" href=\"https:\/\/escaliersmultidesign.ca\/index.php\/garde-corps\/\" \/>\n<meta property=\"og:locale\" content=\"fr_CA\" \/>\n<meta property=\"og:type\" content=\"article\" \/>\n<meta property=\"og:title\" content=\"Escaliers Multi Design - Garde-Corps pour un design \u00e9l\u00e9gant\" \/>\n<meta property=\"og:description\" content=\"Escalier Multi Design offre un vaste choix de garde-corps qui s\u2019agenceront parfaitement avec votre style de demeure.\" \/>\n<meta property=\"og:url\" content=\"https:\/\/escaliersmultidesign.ca\/index.php\/garde-corps\/\" \/>\n<meta property=\"og:site_name\" content=\"Escaliers Multi Design\" \/>\n<meta property=\"article:modified_time\" content=\"2024-06-03T19:45:02+00:00\" \/>\n<meta name=\"twitter:card\" content=\"summary_large_image\" \/>\n<script type=\"application\/ld+json\" class=\"yoast-schema-graph\">{\"@context\":\"https:\\\/\\\/schema.org\",\"@graph\":[{\"@type\":\"WebPage\",\"@id\":\"https:\\\/\\\/escaliersmultidesign.ca\\\/index.php\\\/garde-corps\\\/\",\"url\":\"https:\\\/\\\/escaliersmultidesign.ca\\\/index.php\\\/garde-corps\\\/\",\"name\":\"Escaliers Multi Design - Garde-Corps pour un design \u00e9l\u00e9gant\",\"isPartOf\":{\"@id\":\"https:\\\/\\\/escaliersmultidesign.ca\\\/#website\"},\"primaryImageOfPage\":{\"@id\":\"https:\\\/\\\/escaliersmultidesign.ca\\\/index.php\\\/garde-corps\\\/#primaryimage\"},\"image\":{\"@id\":\"https:\\\/\\\/escaliersmultidesign.ca\\\/index.php\\\/garde-corps\\\/#primaryimage\"},\"thumbnailUrl\":\"https:\\\/\\\/escaliersmultidesign.ca\\\/wp-content\\\/uploads\\\/2020\\\/07\\\/ESCALIER-INTERIEUR-REALISATION-EMD-6-604x780.png\",\"datePublished\":\"2021-10-27T19:43:45+00:00\",\"dateModified\":\"2024-06-03T19:45:02+00:00\",\"description\":\"Escalier Multi Design offre un vaste choix de garde-corps qui s\u2019agenceront parfaitement avec votre style de demeure.\",\"breadcrumb\":{\"@id\":\"https:\\\/\\\/escaliersmultidesign.ca\\\/index.php\\\/garde-corps\\\/#breadcrumb\"},\"inLanguage\":\"fr-CA\",\"potentialAction\":[{\"@type\":\"ReadAction\",\"target\":[\"https:\\\/\\\/escaliersmultidesign.ca\\\/index.php\\\/garde-corps\\\/\"]}]},{\"@type\":\"ImageObject\",\"inLanguage\":\"fr-CA\",\"@id\":\"https:\\\/\\\/escaliersmultidesign.ca\\\/index.php\\\/garde-corps\\\/#primaryimage\",\"url\":\"https:\\\/\\\/escaliersmultidesign.ca\\\/wp-content\\\/uploads\\\/2020\\\/07\\\/ESCALIER-INTERIEUR-REALISATION-EMD-6.png\",\"contentUrl\":\"https:\\\/\\\/escaliersmultidesign.ca\\\/wp-content\\\/uploads\\\/2020\\\/07\\\/ESCALIER-INTERIEUR-REALISATION-EMD-6.png\",\"width\":581,\"height\":873},{\"@type\":\"BreadcrumbList\",\"@id\":\"https:\\\/\\\/escaliersmultidesign.ca\\\/index.php\\\/garde-corps\\\/#breadcrumb\",\"itemListElement\":[{\"@type\":\"ListItem\",\"position\":1,\"name\":\"Accueil\",\"item\":\"https:\\\/\\\/escaliersmultidesign.ca\\\/\"},{\"@type\":\"ListItem\",\"position\":2,\"name\":\"Garde-Corps\"}]},{\"@type\":\"WebSite\",\"@id\":\"https:\\\/\\\/escaliersmultidesign.ca\\\/#website\",\"url\":\"https:\\\/\\\/escaliersmultidesign.ca\\\/\",\"name\":\"Escaliers Multi Design\",\"description\":\"La Marche A Suivre\",\"potentialAction\":[{\"@type\":\"SearchAction\",\"target\":{\"@type\":\"EntryPoint\",\"urlTemplate\":\"https:\\\/\\\/escaliersmultidesign.ca\\\/?s={search_term_string}\"},\"query-input\":{\"@type\":\"PropertyValueSpecification\",\"valueRequired\":true,\"valueName\":\"search_term_string\"}}],\"inLanguage\":\"fr-CA\"}]}<\/script>\n<!-- \/ Yoast SEO plugin. -->","yoast_head_json":{"title":"Escaliers Multi Design - Garde-Corps pour un design \u00e9l\u00e9gant","description":"Escalier Multi Design offre un vaste choix de garde-corps qui s\u2019agenceront parfaitement avec votre style de demeure.","robots":{"index":"index","follow":"follow","max-snippet":"max-snippet:-1","max-image-preview":"max-image-preview:large","max-video-preview":"max-video-preview:-1"},"canonical":"https:\/\/escaliersmultidesign.ca\/index.php\/garde-corps\/","og_locale":"fr_CA","og_type":"article","og_title":"Escaliers Multi Design - Garde-Corps pour un design \u00e9l\u00e9gant","og_description":"Escalier Multi Design offre un vaste choix de garde-corps qui s\u2019agenceront parfaitement avec votre style de demeure.","og_url":"https:\/\/escaliersmultidesign.ca\/index.php\/garde-corps\/","og_site_name":"Escaliers Multi Design","article_modified_time":"2024-06-03T19:45:02+00:00","twitter_card":"summary_large_image","schema":{"@context":"https:\/\/schema.org","@graph":[{"@type":"WebPage","@id":"https:\/\/escaliersmultidesign.ca\/index.php\/garde-corps\/","url":"https:\/\/escaliersmultidesign.ca\/index.php\/garde-corps\/","name":"Escaliers Multi Design - Garde-Corps pour un design \u00e9l\u00e9gant","isPartOf":{"@id":"https:\/\/escaliersmultidesign.ca\/#website"},"primaryImageOfPage":{"@id":"https:\/\/escaliersmultidesign.ca\/index.php\/garde-corps\/#primaryimage"},"image":{"@id":"https:\/\/escaliersmultidesign.ca\/index.php\/garde-corps\/#primaryimage"},"thumbnailUrl":"https:\/\/escaliersmultidesign.ca\/wp-content\/uploads\/2020\/07\/ESCALIER-INTERIEUR-REALISATION-EMD-6-604x780.png","datePublished":"2021-10-27T19:43:45+00:00","dateModified":"2024-06-03T19:45:02+00:00","description":"Escalier Multi Design offre un vaste choix de garde-corps qui s\u2019agenceront parfaitement avec votre style de demeure.","breadcrumb":{"@id":"https:\/\/escaliersmultidesign.ca\/index.php\/garde-corps\/#breadcrumb"},"inLanguage":"fr-CA","potentialAction":[{"@type":"ReadAction","target":["https:\/\/escaliersmultidesign.ca\/index.php\/garde-corps\/"]}]},{"@type":"ImageObject","inLanguage":"fr-CA","@id":"https:\/\/escaliersmultidesign.ca\/index.php\/garde-corps\/#primaryimage","url":"https:\/\/escaliersmultidesign.ca\/wp-content\/uploads\/2020\/07\/ESCALIER-INTERIEUR-REALISATION-EMD-6.png","contentUrl":"https:\/\/escaliersmultidesign.ca\/wp-content\/uploads\/2020\/07\/ESCALIER-INTERIEUR-REALISATION-EMD-6.png","width":581,"height":873},{"@type":"BreadcrumbList","@id":"https:\/\/escaliersmultidesign.ca\/index.php\/garde-corps\/#breadcrumb","itemListElement":[{"@type":"ListItem","position":1,"name":"Accueil","item":"https:\/\/escaliersmultidesign.ca\/"},{"@type":"ListItem","position":2,"name":"Garde-Corps"}]},{"@type":"WebSite","@id":"https:\/\/escaliersmultidesign.ca\/#website","url":"https:\/\/escaliersmultidesign.ca\/","name":"Escaliers Multi Design","description":"La Marche A Suivre","potentialAction":[{"@type":"SearchAction","target":{"@type":"EntryPoint","urlTemplate":"https:\/\/escaliersmultidesign.ca\/?s={search_term_string}"},"query-input":{"@type":"PropertyValueSpecification","valueRequired":true,"valueName":"search_term_string"}}],"inLanguage":"fr-CA"}]}},"builder_content":"<h2>\u00a0<\/h2> <p>\u00a0<\/p> <h1 style=\"text-align: left;\">GARDE-CORPS<\/h1>\n<h2>\u00a0<\/h2> <h2>\u00a0<\/h2> <h2 style=\"text-align: left;\">GARDE-CORPS<\/h2>\n<h1 style=\"text-align: left;\">TYPES DE GARDE-CORPS<\/h1>\n<p>Des garde-corps qui donnent de l'\u00e9clat \u00e0 tout escalier...<\/p>\n<p>Escalier Multi Design offre un vaste choix de garde-corps qui s'agenceront parfaitement avec votre style de demeure.\u00a0 On les choisit\u00a0d\u2019abord pour son c\u00f4t\u00e9 esth\u00e9tique,\u00a0mais on ne doit jamais\u00a0oublier les normes de s\u00e9curit\u00e9 en vigueur.<\/p> <p>Si vous d\u00e9sirez moderniser votre escalier \u00e0 moindre budget, il peut \u00eatre int\u00e9ressant de modifier votre rampe, c\u2019est souvent la fa\u00e7on la moins couteuse pour un nouveau look.<\/p> <p>Pour une touche de modernit\u00e9 nous pouvons effectuer votre conception originale sur mesure.\u00a0 Que ce soit en m\u00e9tal ou si vous pr\u00e9f\u00e9rez la simplicit\u00e9 des lignes \u00e9pur\u00e9es, optez pour un garde-corps en verre.<\/p>\n<a href=\"https:\/\/escaliersmultidesign.ca\/index.php\/project\/realisations\/\" > Nos r\u00e9alisations, Notre fiert\u00e9... <\/a>\n<img src=\"https:\/\/escaliersmultidesign.ca\/wp-content\/uploads\/2020\/07\/ESCALIER-INTERIEUR-REALISATION-EMD-6-604x780.png\" width=\"604\" height=\"780\" title=\"ESCALIER INT\u00c9RIEUR R\u00c9ALISATION EMD 6\" alt=\"Escalier ouvert avec garde-corps en verre\" srcset=\"https:\/\/escaliersmultidesign.ca\/wp-content\/uploads\/2020\/07\/ESCALIER-INTERIEUR-REALISATION-EMD-6-604x780.png 604w, https:\/\/escaliersmultidesign.ca\/wp-content\/uploads\/2020\/07\/ESCALIER-INTERIEUR-REALISATION-EMD-6-1x1.png 1w\" sizes=\"(max-width: 604px) 100vw, 604px\" \/>\n<img src=\"https:\/\/escaliersmultidesign.ca\/wp-content\/uploads\/2018\/04\/BASESHOE-RAMPE-VERRE-595x439.jpg\" width=\"595\" height=\"439\" title=\"BASESHOE RAMPE VERRE\" alt=\"BASESHOE RAMPE VERRE\">\n<h2>Types Garde-Corps<\/h2> <h3>Des garde-corps qui donnent de l'\u00e9clat \u00e0 tout escalier...<\/h3> <p>Escalier Multi Design offre un vaste choix de garde-corps qui s'agenceront parfaitement avec votre style de demeure.\u00a0 On les choisit\u00a0d\u2019abord pour son c\u00f4t\u00e9 esth\u00e9tique,\u00a0mais on ne doit jamais\u00a0oublier les normes de s\u00e9curit\u00e9 en vigueur.<\/p> <p>Si vous d\u00e9sirez moderniser votre escalier \u00e0 moindre budget, il peut \u00eatre int\u00e9ressant de modifier votre rampe, c\u2019est souvent la fa\u00e7on la moins couteuse pour un nouveau look.<\/p> <p>Pour une touche de modernit\u00e9 nous pouvons effectuer votre conception originale sur mesure.\u00a0 Que ce soit en m\u00e9tal ou si vous pr\u00e9f\u00e9rez la simplicit\u00e9 des lignes \u00e9pur\u00e9es, optez pour un garde-corps en verre.<\/p>","_links":{"self":[{"href":"https:\/\/escaliersmultidesign.ca\/index.php\/wp-json\/wp\/v2\/pages\/631","targetHints":{"allow":["GET"]}}],"collection":[{"href":"https:\/\/escaliersmultidesign.ca\/index.php\/wp-json\/wp\/v2\/pages"}],"about":[{"href":"https:\/\/escaliersmultidesign.ca\/index.php\/wp-json\/wp\/v2\/types\/page"}],"author":[{"embeddable":true,"href":"https:\/\/escaliersmultidesign.ca\/index.php\/wp-json\/wp\/v2\/users\/1"}],"replies":[{"embeddable":true,"href":"https:\/\/escaliersmultidesign.ca\/index.php\/wp-json\/wp\/v2\/comments?post=631"}],"version-history":[{"count":105,"href":"https:\/\/escaliersmultidesign.ca\/index.php\/wp-json\/wp\/v2\/pages\/631\/revisions"}],"predecessor-version":[{"id":3686,"href":"https:\/\/escaliersmultidesign.ca\/index.php\/wp-json\/wp\/v2\/pages\/631\/revisions\/3686"}],"wp:attachment":[{"href":"https:\/\/escaliersmultidesign.ca\/index.php\/wp-json\/wp\/v2\/media?parent=631"}],"curies":[{"name":"wp","href":"https:\/\/api.w.org\/{rel}","templated":true}]}}